{"id":2783,"date":"2014-11-06T12:46:56","date_gmt":"2014-11-06T12:46:56","guid":{"rendered":"https:\/\/waldhauswinterberg.nl\/?page_id=2783"},"modified":"2026-03-09T13:14:45","modified_gmt":"2026-03-09T13:14:45","slug":"activiteiten-winter","status":"publish","type":"page","link":"https:\/\/waldhauswinterberg.nl\/de\/activiteiten-winter\/","title":{"rendered":"Activiteiten Winter"},"content":{"rendered":"<div class=\"banner has-hover\" id=\"banner-881080466\">\n          <div class=\"banner-inner fill\">\n        <div class=\"banner-bg fill\" >\n            <div class=\"bg fill bg-fill\"><\/div>\n                                    \n            <div class=\"effect-snow bg-effect fill no-click\"><\/div>        <\/div>\n        <div class=\"banner-layers container\">\n            <div class=\"fill banner-link\"><\/div>            \n\n   <div id=\"text-box-794000407\" class=\"text-box banner-layer x50 md-x50 lg-x50 y50 md-y50 lg-y50 res-text\">\n                     <div data-animate=\"fadeIn\">           <div class=\"text dark\">\n              \n              <div class=\"text-inner text-center\">\n                  \n\n<h1 class=\"text-boarder-top-bottom-white\">AKTIVIT\u00c4TEN<\/h1>\n\n              <\/div>\n           <\/div>\n       <\/div>                     \n<style>\n#text-box-794000407 {\n  width: 60%;\n}\n#text-box-794000407 .text {\n  font-size: 100%;\n}\n@media (min-width:550px) {\n  #text-box-794000407 {\n    width: 50%;\n  }\n}\n<\/style>\n    <\/div>\n \n   <div id=\"text-box-261897161\" class=\"text-box banner-layer x50 md-x50 lg-x50 y50 md-y50 lg-y50 res-text\">\n                     <div data-animate=\"fadeIn\">           <div class=\"text dark\">\n              \n              <div class=\"text-inner text-center\">\n                  \n\n<h1 class=\"text-boarder-top-bottom-white\">AKTIVIT\u00c4TEN<\/h1>\n\n              <\/div>\n           <\/div>\n       <\/div>                     \n<style>\n#text-box-261897161 {\n  width: 60%;\n}\n#text-box-261897161 .text {\n  font-size: 100%;\n}\n@media (min-width:550px) {\n  #text-box-261897161 {\n    width: 50%;\n  }\n}\n<\/style>\n    <\/div>\n \n\n        <\/div>\n      <\/div>\n\n              <div class=\"height-fix is-invisible\"><img width=\"2560\" height=\"1707\" src=\"https:\/\/waldhauswinterberg.nl\/wp-content\/uploads\/2026\/03\/IMG_2044-scaled.jpg\" class=\"attachment-original size-original\" alt=\"\" loading=\"lazy\" srcset=\"https:\/\/waldhauswinterberg.nl\/wp-content\/uploads\/2026\/03\/IMG_2044-scaled.jpg 2560w, https:\/\/waldhauswinterberg.nl\/wp-content\/uploads\/2026\/03\/IMG_2044-300x200.jpg 300w, https:\/\/waldhauswinterberg.nl\/wp-content\/uploads\/2026\/03\/IMG_2044-1024x683.jpg 1024w, https:\/\/waldhauswinterberg.nl\/wp-content\/uploads\/2026\/03\/IMG_2044-768x512.jpg 768w, https:\/\/waldhauswinterberg.nl\/wp-content\/uploads\/2026\/03\/IMG_2044-1536x1024.jpg 1536w, https:\/\/waldhauswinterberg.nl\/wp-content\/uploads\/2026\/03\/IMG_2044-2048x1365.jpg 2048w, https:\/\/waldhauswinterberg.nl\/wp-content\/uploads\/2026\/03\/IMG_2044-16x12.jpg 16w\" sizes=\"(max-width: 2560px) 100vw, 2560px\" \/><\/div>\n            \n<style>\n#banner-881080466 .bg.bg-loaded {\n  background-image: url(https:\/\/waldhauswinterberg.nl\/wp-content\/uploads\/2026\/03\/IMG_2044-scaled.jpg);\n}\n#banner-881080466 .bg {\n  background-position: 75% 55%;\n}\n<\/style>\n  <\/div>\n\n\n<div class=\"row\"  id=\"row-499112892\">\n\n\n\t<div id=\"col-1251494526\" class=\"col medium-6 large-6\"  >\n\t\t<div class=\"col-inner\"  >\n\t\t\t\n\t\t\t\n\n<h2>Skifahren und Snowboarden<\/h2>\n<p>Winterberg hat ein relativ gro\u00dfes und gut erschlossenes Skigebiet. Dieses Mittelgebirge im Sauerland ist einfach nicht so hoch und gro\u00df und schneearm wie die Alpen, aber gut, mit 26 Liften kann man eine gro\u00dfe Runde \u00fcber sieben \"Berge\" machen. Mehr als 27 Pistenkilometer erstrecken sich \u00fcber sieben Gebiete: Astenstra\u00dfe, Bremberg, Herrloh, Kappe, Kahler Asten, S\u00fcrenberg und Poppenberg. Die Abfahrten sind nicht zu lang, sondern man kann einfach das Skifahren und Snowboarden genie\u00dfen. Die Steilheit variiert von einem der verschiedenen \u00dcbungsh\u00e4nge bis hin zum anspruchsvollen \"Slalomhang\". Auf zehn Pisten ist k\u00fcnstliches Licht vorhanden, so dass es die M\u00f6glichkeit des abendlichen Skifahrens gibt. Durch die zunehmende Anzahl moderner Beschneiungsanlagen k\u00f6nnen Hitzeperioden leichter \u00fcberbr\u00fcckt werden. Ein gro\u00dfer Teil der Pisten wird k\u00fcnstlich l\u00e4nger wei\u00df gehalten. Die Aufz\u00fcge und alle anderen Ger\u00e4te hier sind modern und in perfektem Zustand. In 150 Metern Entfernung vom Ferienhaus Waldhuis Winterberg finden Sie den ersten Skilift, den Skiverleih und die Skischule.<\/p>\n<h2>Rodeln<\/h2>\n<p>Wer das winterliche Wei\u00df liebt, aber keine Lust auf lange Skier hat, sollte unbedingt die vielen Rodelh\u00e4nge in Winterberg (Erlebnisberg Kappe) besuchen. Zehn Rodelbahnen, davon drei beschneite und beleuchtete Bahnen, warten darauf, hinuntergerodelt zu werden. Mit einem Schlitten, einem Bob oder einem Gleiter. Sie fahren immer bequem mit einem der sechs Rodellifte auf den Berg. Vom Waldhaus Winterberg sind Sie mit einer 5-min\u00fctigen Fahrt (1,5 km) bei <a href=\"http:\/\/www.sommerrodelbahn-winterberg.de\/\">Erlebnisberg Kappe<\/a>.&nbsp;<\/p>\n<p>Probieren Sie das Rutschen mit den luftgef\u00fcllten Gummireifen, den Snowtubes, auf der speziellen Snowtubingbahn in <a href=\"http:\/\/www.snow-world-zueschen.de\">Snow World Z\u00fcschen<\/a>. Gro\u00dfer Spa\u00df garantiert! Vom Waldhuis Winterberg ist die Snow World Z\u00fcschen h\u00f6chstens eine Viertelstunde mit dem Auto entfernt.&nbsp;<\/p>\n<h2>Ski-Langlauf<\/h2>\n<p>150 km perfekt pr\u00e4parierte Loipen mit fantastischen Aussichten warten auf Sie! Endlos gleiten die Skier \u00fcber die H\u00f6henloipen oder durch stille T\u00e4ler der Ferienregion Winterberg und Hallenberg. In einem der f\u00fchrenden Skigebiete Deutschlands finden Sie abwechslungsreiche Routen und Loipen von f\u00fcnf bis zw\u00f6lf Kilometern L\u00e4nge, die f\u00fcr Anf\u00e4nger, klassische Langl\u00e4ufer und Skater hervorragend ausgeschildert sind. Unsere Tipps: die Brembergloipe (8,7 km) und die Kuhlenbergloipe (10,6 km). Siehe <a href=\"https:\/\/www.wintersport-arena.de\/nordisch-wandern\/loipenstatus-und-schneehoehen\">Hier<\/a> zum Status der Trails.<\/p>\n<h2>Indoor-Gokartbahn&nbsp;<\/h2>\n<p><a href=\"http:\/\/www.kartfun-astenberg.de\/startseite\/\">Kartfun Neuastenberg<\/a> ist eine moderne Indoor-Gokartbahn in Neuastenberg mit einer L\u00e4nge von 550 Metern und Karts, die Geschwindigkeiten von bis zu 60 km\/h erreichen k\u00f6nnen! Jeder, der gr\u00f6\u00dfer als 1,40 Meter ist, kann eines dieser Gokarts selbst fahren. F\u00fcr die kleinen G\u00e4ste gibt es spezielle \"Tandem-Karts\"! Es gibt auch andere Aktivit\u00e4ten wie Billard, Tischfu\u00dfball, Darts und es gibt einen Spielplatz. Die Kartbahn ist 2,5 km vom Waldhaus Winterberg entfernt.&nbsp;<\/p>\n<h2>Wintersport-Museum<\/h2>\n<p>In Neuastenberg finden Sie die <a href=\"https:\/\/skimuseum-winterberg.de\/\">Westdeutschen&nbsp;Wintersport Museum<\/a>. In diesem Museum finden Sie die Geschichte von rund hundert Jahren Wintersport im Hochsauerlandkreis. Es macht Spa\u00df zu sehen, mit welchem Material die Menschen die verschneiten H\u00e4nge bezwangen. Die Holzlatten und Schn\u00fcrstiefel werden dem modernen Wintersportler fast barbarisch vorkommen.<\/p>\n\n\t\t<\/div>\n\t\t\t<\/div>\n\n\t\n\n\t<div id=\"col-909547412\" class=\"col medium-6 large-6\"  >\n\t\t<div class=\"col-inner\"  >\n\t\t\t\n\t\t\t\n\n<header class=\"entry-header\">\n<h2>Wandern<\/h2>\n<p>Das Sauerland ist sowohl bei passionierten als auch bei Freizeitwanderern sehr beliebt. Es gibt mehrere ber\u00fchmte Wanderwege in der Umgebung, wie z.B. den 'Rothaarsteig', die bekannteste Route mit einer L\u00e4nge von 155 km! Entlang des Gartens des Waldhauses Winterberg verlaufen verschiedene Wanderwege. Vom Waldhaus Winterberg k\u00f6nnen Sie zu Fu\u00df zum zwei Kilometer entfernten Kahlen Asten (841,9 Meter hoch) wandern. Ziehen Sie also Ihre Wanderschuhe an!<\/p>\n<h2>Mountainbiken<\/h2>\n<p>Die bergige Gegend von Winterberg und Umgebung ist ideal zum Radfahren. Im Sauerland ist rund um Winterberg ein komplettes Netz mit mehr als 250 km Mountainbikestrecken entstanden, so dass Sie sich komplett \"austoben\" k\u00f6nnen. Sowohl f\u00fcr den erfahrenen Sportler als auch f\u00fcr den Erholungssuchenden finden Sie hier alle M\u00f6glichkeiten. Nur 1,5 Kilometer vom Waldhaus Winterberg Urlaub entfernt liegt die Bike Arena Winterberg. Die Bike Arena Winterberg ist ein sch\u00f6ner Park, der unter Mountainbikern sehr bekannt ist. Am Parkplatz Bremberg, das ist der Parkplatz gegen\u00fcber dem Bikepark, sind die Wege ausgeschildert und die Mountainbiker k\u00f6nnen eine geeignete Route w\u00e4hlen. Weitere Informationen zu den Routen finden Sie unter <a href=\"http:\/\/www.bike-arena.de\">Hier<\/a> zu finden.&nbsp;<\/p>\n<h2>Schwimmen<\/h2>\n<p>Sch\u00f6nes Schwimmen in Winterberg selbst? Im Dorf ist ein Hallenbad von 25 Metern mit 5 Bahnen. Das Bad ist ideal f\u00fcr sch\u00f6ne Arbeiten zu ziehen. Neben dem Schwimmen ist es auch m\u00f6glich, die Sauna zu benutzen (Aufpreis).&nbsp;<\/p>\n<p>F\u00fcr ein subtropisches Schwimmbad k\u00f6nnen Sie das&nbsp;<a href=\"https:\/\/sauerland-bad.de\/nl\/\">Sauerlandbad<\/a>. Dieses subtropische Hallenbad bietet extreme Entspannung u.a. mit integrierten Massaged\u00fcsen und einer R\u00fcckendusche. Aber auch der Action-Liebhaber wird mit zwei spektakul\u00e4ren Rutschen nicht entt\u00e4uscht werden. In der einzigartigen \"Magic Eye\"-Rutsche geht es in einem Band f\u00fcr 1, 2 oder sogar 3 Personen nach unten und in der Turborutsche sind Geschwindigkeiten von 50 bis 70 Stundenkilometern keine Ausnahme. Das Sauerlandbad befindet sich in Schmallenberg-Bad Fredeburg, eine halbe Autostunde vom Waldhaus Winterberg entfernt.&nbsp;<\/p>\n<h2>Erlebnisberg Kappe<\/h2>\n<p>1,5 km von der Ferienwohnung Waldhaus Winterberg entfernt befindet sich die <a href=\"https:\/\/www.erlebnisbergkappe.de\/\">Erlebnisberg Kappe<\/a>. Am Erlebnisberg Kappe gibt es viel zu tun, im Sommer und im Winter!<\/p>\n<p><strong>Panorama-Erlebnis-Br\u00fccke:<\/strong><br \/>435 Meter lang mit einem herrlichen Panorama, mit f\u00fcnf Spielelementen zum Klettern.<\/p>\n<p><strong>Naturerlebnis-Pfad:<\/strong><br \/>700 Meter langer Wanderweg in Verbindung mit der Br\u00fccke, auf dem Sie viel \u00fcber die Tierwelt in der Umgebung erfahren werden.<\/p>\n<p><strong>Klimwald<\/strong><br \/>Mit f\u00fcnf verschiedenen Parcours in einer H\u00f6he von bis zu elf Metern. Es gibt sogar einen Kinderkurs f\u00fcr Kinder bis zu 7 Jahren.<\/p>\n<p><strong>Und vieles mehr:<\/strong><br \/>Gef\u00fchrte Bobfahrten, der Kappenexpress.<\/p>\n<\/header>\n\n\t\t<\/div>\n\t\t\t<\/div>\n\n\t\n\n\t<div id=\"col-1160847601\" class=\"col large-12\"  >\n\t\t<div class=\"col-inner\"  >\n\t\t\t\n\t\t\t\n\n<div class=\"social-icons share-icons share-row relative\" ><span class=\"share-icons-title\">Diese Seite teilen<\/span><a href=\"whatsapp:\/\/send?text=Activiteiten%20Winter - https:\/\/waldhauswinterberg.nl\/de\/activiteiten-winter\/\" data-action=\"share\/whatsapp\/share\" class=\"icon button circle is-outline tooltip whatsapp show-for-medium\" title=\"Share on WhatsApp\"><i class=\"icon-whatsapp\"><\/i><\/a><a href=\"\/\/www.facebook.com\/sharer.php?u=https:\/\/waldhauswinterberg.nl\/de\/activiteiten-winter\/\" data-label=\"Facebook\" onclick=\"window.open(this.href,this.title,'width=500,height=500,top=300px,left=300px');  return false;\" rel=\"noopener noreferrer nofollow\" target=\"_blank\" class=\"icon button circle is-outline tooltip facebook\" title=\"Auf Facebook teilen\"><i class=\"icon-facebook\" ><\/i><\/a><a href=\"\/\/twitter.com\/share?url=https:\/\/waldhauswinterberg.nl\/de\/activiteiten-winter\/\" onclick=\"window.open(this.href,this.title,'width=500,height=500,top=300px,left=300px');  return false;\" rel=\"noopener noreferrer nofollow\" target=\"_blank\" class=\"icon button circle is-outline tooltip twitter\" title=\"Auf Twitter teilen\"><i class=\"icon-twitter\" ><\/i><\/a><a href=\"mailto:enteryour@addresshere.com?subject=Activiteiten%20Winter&amp;body=Check%20this%20out:%20https:\/\/waldhauswinterberg.nl\/de\/activiteiten-winter\/\" rel=\"nofollow\" class=\"icon button circle is-outline tooltip email\" title=\"Sende eine Email an einen Freund\"><i class=\"icon-envelop\" ><\/i><\/a><a href=\"\/\/www.linkedin.com\/shareArticle?mini=true&url=https:\/\/waldhauswinterberg.nl\/de\/activiteiten-winter\/&title=Activiteiten%20Winter\" onclick=\"window.open(this.href,this.title,'width=500,height=500,top=300px,left=300px');  return false;\"  rel=\"noopener noreferrer nofollow\" target=\"_blank\" class=\"icon button circle is-outline tooltip linkedin\" title=\"Share on LinkedIn\"><i class=\"icon-linkedin\" ><\/i><\/a><\/div>\n\n\n\t\t<\/div>\n\t\t\t<\/div>\n\n\t\n\n<\/div>","protected":false},"excerpt":{"rendered":"","protected":false},"author":1,"featured_media":0,"parent":0,"menu_order":0,"comment_status":"closed","ping_status":"closed","template":"page-blank.php","meta":[],"_links":{"self":[{"href":"https:\/\/waldhauswinterberg.nl\/de\/wp-json\/wp\/v2\/pages\/2783"}],"collection":[{"href":"https:\/\/waldhauswinterberg.nl\/de\/wp-json\/wp\/v2\/pages"}],"about":[{"href":"https:\/\/waldhauswinterberg.nl\/de\/wp-json\/wp\/v2\/types\/page"}],"author":[{"embeddable":true,"href":"https:\/\/waldhauswinterberg.nl\/de\/wp-json\/wp\/v2\/users\/1"}],"replies":[{"embeddable":true,"href":"https:\/\/waldhauswinterberg.nl\/de\/wp-json\/wp\/v2\/comments?post=2783"}],"version-history":[{"count":30,"href":"https:\/\/waldhauswinterberg.nl\/de\/wp-json\/wp\/v2\/pages\/2783\/revisions"}],"predecessor-version":[{"id":4371,"href":"https:\/\/waldhauswinterberg.nl\/de\/wp-json\/wp\/v2\/pages\/2783\/revisions\/4371"}],"wp:attachment":[{"href":"https:\/\/waldhauswinterberg.nl\/de\/wp-json\/wp\/v2\/media?parent=2783"}],"curies":[{"name":"wp","href":"https:\/\/api.w.org\/{rel}","templated":true}]}}