{"id":3158,"date":"2014-11-26T11:45:42","date_gmt":"2014-11-26T11:45:42","guid":{"rendered":"https:\/\/waldhauswinterberg.nl\/?page_id=3158"},"modified":"2023-05-23T11:49:14","modified_gmt":"2023-05-23T11:49:14","slug":"aanbieding-2","status":"publish","type":"page","link":"https:\/\/waldhauswinterberg.nl\/de\/aanbieding-2\/","title":{"rendered":"Bewertungen"},"content":{"rendered":"<div class=\"banner has-hover\" id=\"banner-1853595504\">\n          <div class=\"banner-inner fill\">\n        <div class=\"banner-bg fill\" >\n            <div class=\"bg fill bg-fill\"><\/div>\n                                    \n            <div class=\"effect-snow bg-effect fill no-click\"><\/div>        <\/div>\n        <div class=\"banner-layers container\">\n            <div class=\"fill banner-link\"><\/div>            \n\n   <div id=\"text-box-478659516\" class=\"text-box banner-layer x50 md-x50 lg-x50 y50 md-y50 lg-y50 res-text\">\n                                <div class=\"text dark\">\n              \n              <div class=\"text-inner text-center\">\n                  \n\n<h1 class=\"text-boarder-top-bottom-white\">Bewertungen<\/h1>\n\n              <\/div>\n           <\/div>\n                            \n<style>\n#text-box-478659516 {\n  width: 60%;\n}\n#text-box-478659516 .text {\n  font-size: 100%;\n}\n@media (min-width:550px) {\n  #text-box-478659516 {\n    width: 60%;\n  }\n}\n<\/style>\n    <\/div>\n \n\n        <\/div>\n      <\/div>\n\n            \n<style>\n#banner-1853595504 {\n  padding-top: 300px;\n}\n#banner-1853595504 .bg.bg-loaded {\n  background-image: url(https:\/\/waldhauswinterberg.nl\/wp-content\/uploads\/2014\/11\/vakantiehuis-waldhaus-winterberg-header-1.jpg);\n}\n<\/style>\n  <\/div>\n\n\n<div class=\"row\"  id=\"row-198719194\">\n\n\n\t<div id=\"col-1319459569\" class=\"col large-12\"  >\n\t\t<div class=\"col-inner\"  >\n\t\t\t\n\t\t\t\n\n<h3>Recencies&nbsp;<\/h3>\n<p>&nbsp;<\/p>\n<div id=\"fb-root\" class=\"fb_reset\">\n<div style=\"position: absolute; top: -10000px; height: 0px; width: 0px;\">&nbsp;<\/div>\n<div style=\"position: absolute; top: -10000px; height: 0px; width: 0px;\">\n<div><iframe id=\"fb_xdm_frame_http\" tabindex=\"-1\" title=\"Facebook Cross Domain Communication Frame\" src=\"http:\/\/static.ak.facebook.com\/connect\/xd_arbiter\/7r8gQb8MIqE.js?version=41#channel=ff150a722e37fa&amp;origin=https%3A%2F%2Fwaldhauswinterberg.nl\" name=\"fb_xdm_frame_http\" width=\"300\" height=\"150\" frameborder=\"0\" scrolling=\"no\"><\/iframe><iframe id=\"fb_xdm_frame_https\" tabindex=\"-1\" title=\"Facebook Cross Domain Communication Frame\" src=\"https:\/\/s-static.ak.facebook.com\/connect\/xd_arbiter\/7r8gQb8MIqE.js?version=41#channel=ff150a722e37fa&amp;origin=https%3A%2F%2Fwaldhauswinterberg.nl\" name=\"fb_xdm_frame_https\" width=\"300\" height=\"150\" frameborder=\"0\" scrolling=\"no\"><\/iframe><\/div>\n<\/div>\n<\/div>\n<div class=\"row align-equal row-box-shadow-2 row-box-shadow-5-hover\"  id=\"row-141149832\">\n\n\n\t<div id=\"col-377560306\" class=\"col medium-4 small-12 large-4\"  >\n\t\t<div class=\"col-inner\"  >\n\t\t\t\n\t\t\t\n\n  <div class=\"icon-box testimonial-box icon-box-center text-center\">\n                <div class=\"icon-box-img testimonial-image circle\" style=\"width: 121px\">\n                      <\/div>\n                <div class=\"icon-box-text p-last-0\">\n          <div class=\"star-rating\"><span style=\"width:100%\"><strong class=\"rating\"><\/strong><\/span><\/div>  \t\t\t\t<div class=\"testimonial-text line-height-small italic test_text first-reset last-reset is-italic\">\n            \n\n<p>Huis ligt mooi buiten het dorp op een rustige locatie. Van de weg die bovenlangs loopt heb je geen last. En je loopt zo de natuur in. Het is een ruim huis met veel kamers, ruime sanitaire voorzieningen en een goed uitgeruste keuken. Het was voor ons een goede keus.<\/p>\n\n          <\/div>\n          <div class=\"testimonial-meta pt-half\">\n             <strong class=\"testimonial-name test_name\">Bert<\/strong>\n             <span class=\"testimonial-name-divider\"> \/ <\/span>             <span class=\"testimonial-company test_company\">Mei '23<\/span>\n          <\/div>\n        <\/div>\n  <\/div>\n\n  \n\n\t\t<\/div>\n\t\t\t<\/div>\n\n\t\n\n\t<div id=\"col-851084027\" class=\"col medium-4 small-12 large-4\"  >\n\t\t<div class=\"col-inner\"  >\n\t\t\t\n\t\t\t\n\n  <div class=\"icon-box testimonial-box icon-box-center text-center\">\n                <div class=\"icon-box-img testimonial-image circle\" style=\"width: 121px\">\n                      <\/div>\n                <div class=\"icon-box-text p-last-0\">\n          <div class=\"star-rating\"><span style=\"width:100%\"><strong class=\"rating\"><\/strong><\/span><\/div>  \t\t\t\t<div class=\"testimonial-text line-height-small italic test_text first-reset last-reset is-italic\">\n            \n\n<p>Het is een heel mooi gelegen huis met veel verschillende ruimten\/slaapkamers en aangenaam terras en tuin. Enigzins krappe trap naar 1e verdieping, maar voor een (relatief) jonge groep geen enkel probleem. Mooie ligging, waarbij je binnen enkele minuten bijna &#8216;sprookjesachtig bos&#8217; inloopt.<\/p>\n\n          <\/div>\n          <div class=\"testimonial-meta pt-half\">\n             <strong class=\"testimonial-name test_name\">Toine<\/strong>\n             <span class=\"testimonial-name-divider\"> \/ <\/span>             <span class=\"testimonial-company test_company\">Mei  '23<\/span>\n          <\/div>\n        <\/div>\n  <\/div>\n\n  \n\n\t\t<\/div>\n\t\t\t<\/div>\n\n\t\n\n\t<div id=\"col-400839674\" class=\"col medium-4 small-12 large-4\"  >\n\t\t<div class=\"col-inner\"  >\n\t\t\t\n\t\t\t\n\n  <div class=\"icon-box testimonial-box icon-box-center text-center\">\n                <div class=\"icon-box-img testimonial-image circle\" style=\"width: 121px\">\n                      <\/div>\n                <div class=\"icon-box-text p-last-0\">\n          <div class=\"star-rating\"><span style=\"width:100%\"><strong class=\"rating\"><\/strong><\/span><\/div>  \t\t\t\t<div class=\"testimonial-text line-height-small italic test_text first-reset last-reset is-italic\">\n            \n\n<p>Als je binnenkomt, kom je in een warm gezellig huis terecht. We hebben erg genoten van onze vakantie hier. Alles is erg dichtbij. 4 minuten naar de skischool, 6 minuten naar het centrum van Winterberg (winkels, restaurants, supermarkten etc.). Mooie plek voor twee gezinnen plus schoonmoeder \ud83d\ude09<\/p>\n\n          <\/div>\n          <div class=\"testimonial-meta pt-half\">\n             <strong class=\"testimonial-name test_name\">Tineke<\/strong>\n             <span class=\"testimonial-name-divider\"> \/ <\/span>             <span class=\"testimonial-company test_company\">Januari '23<\/span>\n          <\/div>\n        <\/div>\n  <\/div>\n\n  \n\n\t\t<\/div>\n\t\t\t<\/div>\n\n\t\n\n\n<style>\n#row-141149832 > .col > .col-inner {\n  padding: 30px 30px 30px 30px;\n}\n<\/style>\n<\/div>\n<div class=\"row align-equal row-box-shadow-2 row-box-shadow-5-hover\"  id=\"row-53826104\">\n\n\n\t<div id=\"col-1510552711\" class=\"col medium-4 small-12 large-4\"  >\n\t\t<div class=\"col-inner\"  >\n\t\t\t\n\t\t\t\n\n  <div class=\"icon-box testimonial-box icon-box-center text-center\">\n                <div class=\"icon-box-img testimonial-image circle\" style=\"width: 121px\">\n                      <\/div>\n                <div class=\"icon-box-text p-last-0\">\n          <div class=\"star-rating\"><span style=\"width:100%\"><strong class=\"rating\"><\/strong><\/span><\/div>  \t\t\t\t<div class=\"testimonial-text line-height-small italic test_text first-reset last-reset is-italic\">\n            \n\n<p>Was f\u00fcr ein fantastisches Haus in einer fantastischen Lage! Genossen viel, viel zu tun, wir werden auf jeden Fall wiederkommen.<\/p>\n\n          <\/div>\n          <div class=\"testimonial-meta pt-half\">\n             <strong class=\"testimonial-name test_name\">Shanne<\/strong>\n             <span class=\"testimonial-name-divider\"> \/ <\/span>             <span class=\"testimonial-company test_company\">Januari '22<\/span>\n          <\/div>\n        <\/div>\n  <\/div>\n\n  \n\n\t\t<\/div>\n\t\t\t<\/div>\n\n\t\n\n\t<div id=\"col-681287992\" class=\"col medium-4 small-12 large-4\"  >\n\t\t<div class=\"col-inner\"  >\n\t\t\t\n\t\t\t\n\n  <div class=\"icon-box testimonial-box icon-box-center text-center\">\n                <div class=\"icon-box-img testimonial-image circle\" style=\"width: 121px\">\n                      <\/div>\n                <div class=\"icon-box-text p-last-0\">\n          <div class=\"star-rating\"><span style=\"width:100%\"><strong class=\"rating\"><\/strong><\/span><\/div>  \t\t\t\t<div class=\"testimonial-text line-height-small italic test_text first-reset last-reset is-italic\">\n            \n\n<p>Hatten ein tolles Wochenende im Waldhaus! Das Haus sieht ordentlich aus, die Betten sind super und der Kontakt zum Mieter war perfekt! F\u00fcr Gruppen auf jeden Fall zu empfehlen!<\/p>\n\n          <\/div>\n          <div class=\"testimonial-meta pt-half\">\n             <strong class=\"testimonial-name test_name\">Caspar<\/strong>\n             <span class=\"testimonial-name-divider\"> \/ <\/span>             <span class=\"testimonial-company test_company\">Oktober '21<\/span>\n          <\/div>\n        <\/div>\n  <\/div>\n\n  \n\n\t\t<\/div>\n\t\t\t<\/div>\n\n\t\n\n\t<div id=\"col-618432027\" class=\"col medium-4 small-12 large-4\"  >\n\t\t<div class=\"col-inner\"  >\n\t\t\t\n\t\t\t\n\n  <div class=\"icon-box testimonial-box icon-box-center text-center\">\n                <div class=\"icon-box-img testimonial-image circle\" style=\"width: 121px\">\n                      <\/div>\n                <div class=\"icon-box-text p-last-0\">\n          <div class=\"star-rating\"><span style=\"width:100%\"><strong class=\"rating\"><\/strong><\/span><\/div>  \t\t\t\t<div class=\"testimonial-text line-height-small italic test_text first-reset last-reset is-italic\">\n            \n\n<p>Wir hatten einen wundersch\u00f6nen Urlaub mit 11 Personen im Waldhaus. Sie k\u00f6nnen direkt in den Wald wandern und radeln und die Lage des Hauses ist ruhig ohne direkte Nachbarn und bietet viel Privatsph\u00e4re.<\/p>\n\n          <\/div>\n          <div class=\"testimonial-meta pt-half\">\n             <strong class=\"testimonial-name test_name\">Annemarie Janssen<\/strong>\n             <span class=\"testimonial-name-divider\"> \/ <\/span>             <span class=\"testimonial-company test_company\">Augustus '21<\/span>\n          <\/div>\n        <\/div>\n  <\/div>\n\n  \n\n\t\t<\/div>\n\t\t\t<\/div>\n\n\t\n\n\t<div id=\"col-1719022063\" class=\"col medium-4 small-12 large-4\"  >\n\t\t<div class=\"col-inner\"  >\n\t\t\t\n\t\t\t\n\n  <div class=\"icon-box testimonial-box icon-box-center text-center\">\n                <div class=\"icon-box-img testimonial-image circle\" style=\"width: 121px\">\n                      <\/div>\n                <div class=\"icon-box-text p-last-0\">\n          <div class=\"star-rating\"><span style=\"width:100%\"><strong class=\"rating\"><\/strong><\/span><\/div>  \t\t\t\t<div class=\"testimonial-text line-height-small italic test_text first-reset last-reset is-italic\">\n            \n\n<p>Wir hatten eine wundervolle Zeit, ein fantastisches Haus, um mit mehreren Familien zu bleiben! Es ist gem\u00fctlich eingerichtet und bietet allen Platz, den Sie brauchen. Jeden Tag, an dem wir unterwegs sind, zu Fu\u00df, mit dem Fahrrad oder mit dem Auto, gibt es so viel Spa\u00df zu erleben. Wir hoffen auf jeden Fall, \u00f6fter hierher zu kommen!<\/p>\n\n          <\/div>\n          <div class=\"testimonial-meta pt-half\">\n             <strong class=\"testimonial-name test_name\">Elles<\/strong>\n             <span class=\"testimonial-name-divider\"> \/ <\/span>             <span class=\"testimonial-company test_company\">Augustus '21<\/span>\n          <\/div>\n        <\/div>\n  <\/div>\n\n  \n\n\t\t<\/div>\n\t\t\t<\/div>\n\n\t\n\n\t<div id=\"col-1463593507\" class=\"col medium-4 small-12 large-4\"  >\n\t\t<div class=\"col-inner\"  >\n\t\t\t\n\t\t\t\n\n  <div class=\"icon-box testimonial-box icon-box-center text-center\">\n                <div class=\"icon-box-img testimonial-image circle\" style=\"width: 121px\">\n                      <\/div>\n                <div class=\"icon-box-text p-last-0\">\n          <div class=\"star-rating\"><span style=\"width:100%\"><strong class=\"rating\"><\/strong><\/span><\/div>  \t\t\t\t<div class=\"testimonial-text line-height-small italic test_text first-reset last-reset is-italic\">\n            \n\n<p>Wir verbrachten eine Wochenmitte im Waldhaus und haben es sehr genossen! Das Haus liegt in einer ruhigen, gr\u00fcnen Umgebung mitten im Wald. Ideal um Rad- und Wanderwege zu starten. Au\u00dferdem sind Sie auch nicht weit vom Zentrum entfernt und die Aktivit\u00e4tsgebiete wie das Skigebiet und der Mountainbike-Park sind gleich nebenan. Durch die unterschiedlichen Stockwerke und R\u00e4ume im Haus kann man sich in den Gemeinschaftsbereichen gegenseitig besuchen, sich aber auch sehr gut zur\u00fcckziehen. Es hat eine gem\u00fctliche Atmosph\u00e4re, es ist sauber und sch\u00f6n eingerichtet. Betten sind fantastisch! Wir werden auf jeden Fall wiederkommen, um diesen fantastischen Ort zu genie\u00dfen.<\/p>\n\n          <\/div>\n          <div class=\"testimonial-meta pt-half\">\n             <strong class=\"testimonial-name test_name\">Petrovic<\/strong>\n             <span class=\"testimonial-name-divider\"> \/ <\/span>             <span class=\"testimonial-company test_company\">Juli '21<\/span>\n          <\/div>\n        <\/div>\n  <\/div>\n\n  \n\n\t\t<\/div>\n\t\t\t<\/div>\n\n\t\n\n\t<div id=\"col-677976303\" class=\"col medium-4 small-12 large-4\"  >\n\t\t<div class=\"col-inner\"  >\n\t\t\t\n\t\t\t\n\n  <div class=\"icon-box testimonial-box icon-box-center text-center\">\n                <div class=\"icon-box-img testimonial-image circle\" style=\"width: 121px\">\n                      <\/div>\n                <div class=\"icon-box-text p-last-0\">\n          <div class=\"star-rating\"><span style=\"width:100%\"><strong class=\"rating\"><\/strong><\/span><\/div>  \t\t\t\t<div class=\"testimonial-text line-height-small italic test_text first-reset last-reset is-italic\">\n            \n\n<p>Ger\u00e4umiges und gut ausgestattetes Ferienhaus direkt am Fluss De Renau gelegen. Vom Haus aus k\u00f6nnen Sie direkt verschiedene sch\u00f6ne Wanderwege unternehmen. Wir waren hier mit drei (kleinen) Familien. Das Haus ist so ger\u00e4umig, dass jede Familie auf einer eigenen Etage schlafen kann. Es waren zwei Campingbetten und Hochst\u00fchle vorhanden. Das Haus hat sowohl ein gro\u00dfes und gem\u00fctliches Esszimmer als auch ein Wohnzimmer.<\/p>\n<p>Die Vermieterin ist sehr freundlich und hilfsbereit.<\/p>\n\n          <\/div>\n          <div class=\"testimonial-meta pt-half\">\n             <strong class=\"testimonial-name test_name\">G.<\/strong>\n             <span class=\"testimonial-name-divider\"> \/ <\/span>             <span class=\"testimonial-company test_company\">Augustus '21<\/span>\n          <\/div>\n        <\/div>\n  <\/div>\n\n  \n\n\t\t<\/div>\n\t\t\t<\/div>\n\n\t\n\n\n<style>\n#row-53826104 > .col > .col-inner {\n  padding: 30px 30px 30px 30px;\n}\n<\/style>\n<\/div>\n\n\t\t<\/div>\n\t\t\t<\/div>\n\n\t\n\n<\/div>\n\n\n\n<p><\/p>","protected":false},"excerpt":{"rendered":"","protected":false},"author":1,"featured_media":0,"parent":0,"menu_order":0,"comment_status":"open","ping_status":"open","template":"page-blank.php","meta":[],"_links":{"self":[{"href":"https:\/\/waldhauswinterberg.nl\/de\/wp-json\/wp\/v2\/pages\/3158"}],"collection":[{"href":"https:\/\/waldhauswinterberg.nl\/de\/wp-json\/wp\/v2\/pages"}],"about":[{"href":"https:\/\/waldhauswinterberg.nl\/de\/wp-json\/wp\/v2\/types\/page"}],"author":[{"embeddable":true,"href":"https:\/\/waldhauswinterberg.nl\/de\/wp-json\/wp\/v2\/users\/1"}],"replies":[{"embeddable":true,"href":"https:\/\/waldhauswinterberg.nl\/de\/wp-json\/wp\/v2\/comments?post=3158"}],"version-history":[{"count":12,"href":"https:\/\/waldhauswinterberg.nl\/de\/wp-json\/wp\/v2\/pages\/3158\/revisions"}],"predecessor-version":[{"id":4215,"href":"https:\/\/waldhauswinterberg.nl\/de\/wp-json\/wp\/v2\/pages\/3158\/revisions\/4215"}],"wp:attachment":[{"href":"https:\/\/waldhauswinterberg.nl\/de\/wp-json\/wp\/v2\/media?parent=3158"}],"curies":[{"name":"wp","href":"https:\/\/api.w.org\/{rel}","templated":true}]}}