{"id":3445,"date":"2021-01-05T10:34:19","date_gmt":"2021-01-05T10:34:19","guid":{"rendered":"https:\/\/waldhauswinterberg.nl\/?page_id=3445"},"modified":"2021-06-25T14:16:10","modified_gmt":"2021-06-25T14:16:10","slug":"ligging","status":"publish","type":"page","link":"https:\/\/waldhauswinterberg.nl\/de\/ligging\/","title":{"rendered":"Ort"},"content":{"rendered":"<div class=\"banner has-hover has-parallax\" id=\"banner-1072191079\">\n          <div class=\"banner-inner fill\">\n        <div class=\"banner-bg fill\" data-parallax=\"-7\" data-parallax-container=\".banner\" data-parallax-background>\n            <div class=\"bg fill bg-fill\"><\/div>\n                                    \n                    <\/div>\n        <div class=\"banner-layers container\">\n            <div class=\"fill banner-link\"><\/div>            \n\n   <div id=\"text-box-1806763842\" class=\"text-box banner-layer x50 md-x50 lg-x50 y50 md-y50 lg-y50 res-text\">\n                     <div data-animate=\"fadeIn\">           <div class=\"text dark\">\n              \n              <div class=\"text-inner text-center\">\n                  \n\n<h3 class=\"text-boarder-top-bottom-white\">STANDORT<\/h3>\n\n              <\/div>\n           <\/div>\n       <\/div>                     \n<style>\n#text-box-1806763842 {\n  width: 60%;\n}\n#text-box-1806763842 .text {\n  font-size: 100%;\n}\n@media (min-width:550px) {\n  #text-box-1806763842 {\n    width: 65%;\n  }\n}\n<\/style>\n    <\/div>\n \n\n        <\/div>\n      <\/div>\n\n            \n<style>\n#banner-1072191079 {\n  padding-top: 400px;\n}\n#banner-1072191079 .bg.bg-loaded {\n  background-image: url(https:\/\/waldhauswinterberg.nl\/wp-content\/uploads\/2021\/01\/ligging_sauerland_vakantiewoning_waldhaus_winterberg_ferienhaus-scaled.jpg);\n}\n#banner-1072191079 .bg {\n  background-position: 66% 37%;\n}\n<\/style>\n  <\/div>\n\n\n<div class=\"row\"  id=\"row-643591750\">\n\n\n\t<div id=\"col-1980416648\" class=\"col large-12\"  >\n\t\t<div class=\"col-inner\"  >\n\t\t\t\n\t\t\t\n\n<h2>Waldhaus Winterberg, inmitten des Sauerlandes<\/h2>\n<p>Das Ferienhaus Waldhaus Winterberg hat eine einzigartige Lage. Es liegt in den W\u00e4ldern von Winterberg, mitten im Sauerland, am Fu\u00dfe des Kahler Asten. Das Dorf Winterberg (f\u00fcnf Minuten entfernt) ist Teil des Skiliftkarussell Winterberg, dem gr\u00f6\u00dften und bekanntesten Skigebiet im Sauerland. In unmittelbarer N\u00e4he vom Waldhaus Winterberg befindet sich der Skilift (150 Meter). Wander- und Radwege beginnen am Waldhaus. Mehrere Restaurants sind zu Fu\u00df erreichbar, ebenso der BikePark und der Erlebnisberg Kappe. Der bekannte Wanderweg Rothaarsteig f\u00fchrt am Haus vorbei. Kurz gesagt, es gibt viel zu tun, aber Sie k\u00f6nnen auch die ultimative Ruhe mit Ihrer Familie oder Freunden genie\u00dfen. Wir freuen uns darauf, dich zu sehen!<\/p>\n<p><b>Waldhaus Winterberg<\/b><br \/>In der Renau 6<br \/>59955 Winterberg<br \/>Deutschland<\/p>\n<p>+(0031)654362161<\/p>\n\n\t\t<\/div>\n\t\t\t<\/div>\n\n\t\n\n<\/div>\n<div class=\"row\"  id=\"row-2130193229\">\n\n\n\t<div id=\"col-1263652765\" class=\"col large-12\"  >\n\t\t<div class=\"col-inner\"  >\n\t\t\t\n\t\t\t\n\n<div class=\"social-icons share-icons share-row relative\" ><span class=\"share-icons-title\">Diese Seite teilen<\/span><a href=\"whatsapp:\/\/send?text=Ligging - https:\/\/waldhauswinterberg.nl\/de\/ligging\/\" data-action=\"share\/whatsapp\/share\" class=\"icon button circle is-outline tooltip whatsapp show-for-medium\" title=\"Share on WhatsApp\"><i class=\"icon-whatsapp\"><\/i><\/a><a href=\"\/\/www.facebook.com\/sharer.php?u=https:\/\/waldhauswinterberg.nl\/de\/ligging\/\" data-label=\"Facebook\" onclick=\"window.open(this.href,this.title,'width=500,height=500,top=300px,left=300px');  return false;\" rel=\"noopener noreferrer nofollow\" target=\"_blank\" class=\"icon button circle is-outline tooltip facebook\" title=\"Auf Facebook teilen\"><i class=\"icon-facebook\" ><\/i><\/a><a href=\"\/\/twitter.com\/share?url=https:\/\/waldhauswinterberg.nl\/de\/ligging\/\" onclick=\"window.open(this.href,this.title,'width=500,height=500,top=300px,left=300px');  return false;\" rel=\"noopener noreferrer nofollow\" target=\"_blank\" class=\"icon button circle is-outline tooltip twitter\" title=\"Auf Twitter teilen\"><i class=\"icon-twitter\" ><\/i><\/a><a href=\"mailto:enteryour@addresshere.com?subject=Ligging&amp;body=Check%20this%20out:%20https:\/\/waldhauswinterberg.nl\/de\/ligging\/\" rel=\"nofollow\" class=\"icon button circle is-outline tooltip email\" title=\"Sende eine Email an einen Freund\"><i class=\"icon-envelop\" ><\/i><\/a><a href=\"\/\/www.linkedin.com\/shareArticle?mini=true&url=https:\/\/waldhauswinterberg.nl\/de\/ligging\/&title=Ligging\" onclick=\"window.open(this.href,this.title,'width=500,height=500,top=300px,left=300px');  return false;\"  rel=\"noopener noreferrer nofollow\" target=\"_blank\" class=\"icon button circle is-outline tooltip linkedin\" title=\"Share on LinkedIn\"><i class=\"icon-linkedin\" ><\/i><\/a><\/div>\n\n\n\t\t<\/div>\n\t\t\t<\/div>\n\n\t\n\n<\/div>","protected":false},"excerpt":{"rendered":"","protected":false},"author":1,"featured_media":0,"parent":0,"menu_order":0,"comment_status":"closed","ping_status":"closed","template":"page-blank.php","meta":[],"_links":{"self":[{"href":"https:\/\/waldhauswinterberg.nl\/de\/wp-json\/wp\/v2\/pages\/3445"}],"collection":[{"href":"https:\/\/waldhauswinterberg.nl\/de\/wp-json\/wp\/v2\/pages"}],"about":[{"href":"https:\/\/waldhauswinterberg.nl\/de\/wp-json\/wp\/v2\/types\/page"}],"author":[{"embeddable":true,"href":"https:\/\/waldhauswinterberg.nl\/de\/wp-json\/wp\/v2\/users\/1"}],"replies":[{"embeddable":true,"href":"https:\/\/waldhauswinterberg.nl\/de\/wp-json\/wp\/v2\/comments?post=3445"}],"version-history":[{"count":10,"href":"https:\/\/waldhauswinterberg.nl\/de\/wp-json\/wp\/v2\/pages\/3445\/revisions"}],"predecessor-version":[{"id":3930,"href":"https:\/\/waldhauswinterberg.nl\/de\/wp-json\/wp\/v2\/pages\/3445\/revisions\/3930"}],"wp:attachment":[{"href":"https:\/\/waldhauswinterberg.nl\/de\/wp-json\/wp\/v2\/media?parent=3445"}],"curies":[{"name":"wp","href":"https:\/\/api.w.org\/{rel}","templated":true}]}}