{"id":3480,"date":"2021-01-05T12:56:16","date_gmt":"2021-01-05T12:56:16","guid":{"rendered":"https:\/\/waldhauswinterberg.nl\/?page_id=3480"},"modified":"2021-02-04T14:04:20","modified_gmt":"2021-02-04T14:04:20","slug":"activiteiten-zomer","status":"publish","type":"page","link":"https:\/\/waldhauswinterberg.nl\/de\/activiteiten-zomer\/","title":{"rendered":"Activiteiten zomer"},"content":{"rendered":"<div class=\"banner has-hover has-parallax\" id=\"banner-639113621\">\n          <div class=\"banner-inner fill\">\n        <div class=\"banner-bg fill\" data-parallax=\"-6\" data-parallax-container=\".banner\" data-parallax-background>\n            <div class=\"bg fill bg-fill\"><\/div>\n                                    \n                    <\/div>\n        <div class=\"banner-layers container\">\n            <div class=\"fill banner-link\"><\/div>            \n\n   <div id=\"text-box-139686328\" class=\"text-box banner-layer x50 md-x50 lg-x50 y50 md-y50 lg-y50 res-text\">\n                     <div data-animate=\"fadeIn\">           <div class=\"text dark\">\n              \n              <div class=\"text-inner text-center\">\n                  \n\n<h1 class=\"text-boarder-top-bottom-white\">AKTIVIT\u00c4TEN<\/h1>\n\n              <\/div>\n           <\/div>\n       <\/div>                     \n<style>\n#text-box-139686328 {\n  width: 60%;\n}\n#text-box-139686328 .text {\n  font-size: 100%;\n}\n@media (min-width:550px) {\n  #text-box-139686328 {\n    width: 50%;\n  }\n}\n<\/style>\n    <\/div>\n \n   <div id=\"text-box-1430061587\" class=\"text-box banner-layer x50 md-x50 lg-x50 y50 md-y50 lg-y50 res-text\">\n                     <div data-animate=\"fadeIn\">           <div class=\"text dark\">\n              \n              <div class=\"text-inner text-center\">\n                  \n\n<h1 class=\"text-boarder-top-bottom-white\">AKTIVIT\u00c4TEN<\/h1>\n\n              <\/div>\n           <\/div>\n       <\/div>                     \n<style>\n#text-box-1430061587 {\n  width: 60%;\n}\n#text-box-1430061587 .text {\n  font-size: 100%;\n}\n@media (min-width:550px) {\n  #text-box-1430061587 {\n    width: 50%;\n  }\n}\n<\/style>\n    <\/div>\n \n\n        <\/div>\n      <\/div>\n\n            \n<style>\n#banner-639113621 {\n  padding-top: 300px;\n}\n#banner-639113621 .bg.bg-loaded {\n  background-image: url(https:\/\/waldhauswinterberg.nl\/wp-content\/uploads\/2021\/01\/Waldhaus_Winterberg_zomer_activiteiten.jpg);\n}\n#banner-639113621 .bg {\n  background-position: 26% 29%;\n}\n<\/style>\n  <\/div>\n\n\n<div class=\"row\"  id=\"row-680647915\">\n\n\n\t<div id=\"col-1680371808\" class=\"col medium-6 large-6\"  >\n\t\t<div class=\"col-inner\"  >\n\t\t\t\n\t\t\t\n\n<header class=\"entry-header\">\n<h2>Wandern<\/h2>\n<p>Das Sauerland ist sowohl bei passionierten als auch bei Freizeitwanderern sehr beliebt. Es gibt mehrere ber\u00fchmte Wanderwege in der Umgebung, wie z.B. den 'Rothaarsteig', die bekannteste Route mit einer L\u00e4nge von 155 km! Im Garten des Waldhauses Winterberg Urlaub verlaufen verschiedene Wanderwege. Vom Waldhaus Winterberg aus k\u00f6nnen Sie in nur zwei Kilometern Entfernung zum Kahlen Asten (841,9 Meter hoch) wandern. Ziehen Sie also die Wanderschuhe an!<\/p>\n<h2>Mountainbiken<\/h2>\n<p>Die bergige Gegend von Winterberg und Umgebung ist ideal zum Radfahren. Im Sauerland ist ein komplettes Netz mit mehr als 250 km Mountainbikestrecken rund um Winterberg angelegt, so dass Sie sich komplett \"austoben\" k\u00f6nnen. Sowohl f\u00fcr den erfahrenen Sportler als auch f\u00fcr den Erholungssuchenden finden Sie hier alle M\u00f6glichkeiten. Nur 1,5 Kilometer von der Ferienwohnung Waldhaus Winterberg entfernt liegt die Bike Arena Winterberg. Die Bike Arena Winterberg ist ein sch\u00f6ner Park, der unter Mountainbikern sehr bekannt ist. Am Parkplatz Bremberg, das ist der Parkplatz gegen\u00fcber dem Bikepark, sind die Wege ausgeschildert und die Mountainbiker k\u00f6nnen eine geeignete Route w\u00e4hlen. Weitere Informationen zu den Routen finden Sie unter <a href=\"http:\/\/www.bike-arena.de\">Hier<\/a> zu finden.<\/p>\n<\/header>\n<h2>Schwimmen<\/h2>\n<p>Wollen Sie in Winterberg selbst schwimmen gehen? Im Ort (Am Kurpark 6<br \/>59955) ist ein Hallenbad von 25 Metern mit 5 Bahnen. Das Bad ist ideal zum Rundenschwimmen. Neben dem Schwimmen ist es auch m\u00f6glich, die Sauna zu nutzen (gegen Aufpreis).\u00a0<\/p>\n<p>F\u00fcr ein subtropisches Schwimmbad k\u00f6nnen Sie das <a href=\"https:\/\/sauerland-bad.de\/nl\/\">Sauerlandbad<\/a>. Dieses subtropische Hallenbad bietet extreme Entspannung u.a. mit integrierten Massaged\u00fcsen und einer R\u00fcckendusche. Aber auch der Action-Liebhaber wird mit zwei spektakul\u00e4ren Rutschen nicht entt\u00e4uscht werden. In der einzigartigen \"Magic Eye\"-Rutsche geht es in einem Band f\u00fcr 1, 2 oder sogar 3 Personen nach unten und in der Turborutsche sind Geschwindigkeiten von 50 bis 70 Stundenkilometern keine Ausnahme. Das Sauerlandbad befindet sich in Schmallenberg-Bad Fredeburg, eine halbe Autostunde vom Waldhaus Winterberg entfernt.\u00a0<\/p>\n\n\t\t<\/div>\n\t\t\t<\/div>\n\n\t\n\n\t<div id=\"col-1750524143\" class=\"col medium-6 large-6\"  >\n\t\t<div class=\"col-inner\"  >\n\t\t\t\n\t\t\t\n\n<h2>Erlebnisberg Kappe<\/h2>\n<p>1,5 km vom Ferienhaus Waldhaus Winterberg entfernt liegt das <a href=\"https:\/\/www.erlebnisbergkappe.de\/\">Erlebnisberg Kappe<\/a>. Am Erlebnisberg Kappe gibt es viel zu tun, im Sommer und im Winter!<\/p>\n<p><strong>Panorama-Erlebnis-Br\u00fccke:<\/strong><br \/>435 Meter lang mit einem herrlichen Panorama, mit f\u00fcnf Spielelementen zum Klettern.<\/p>\n<p><strong>Naturerlebnis-Pfad:<\/strong><br \/>700 Meter langer Wanderweg in Verbindung mit der Br\u00fccke, auf dem Sie viel \u00fcber die Tierwelt in der Umgebung erfahren werden.<\/p>\n<p><strong>Klimwald<\/strong><br \/>Mit f\u00fcnf verschiedenen Parcours in einer H\u00f6he von bis zu elf Metern. Es gibt sogar einen Kinderkurs f\u00fcr Kinder bis zu 7 Jahren.<\/p>\n<p><strong>Und vieles mehr:<\/strong><br \/>Gef\u00fchrte Bobbahn, der Kappenexpress.\u00a0<\/p>\n<h2>Fort Fun Abenteuerland\u00a0<\/h2>\n<p>Nur eine halbe Autostunde entfernt liegt der Vergn\u00fcgungspark\u00a0<a href=\"https:\/\/fortfun.de\/\">Fort Fun Abenteuerland<\/a>. Dieser Vergn\u00fcgungspark befindet sich zwischen den H\u00fcgeln in einem Tal. Der Park ist nicht allzu gro\u00df, aber man kann leicht einen Tag dort verbringen. Es gibt Achterbahnen, einen Indoor-Spielplatz, Karussell, Riesenrad, Schiffschaukel, mehrere Spielpl\u00e4tze, Zipline, Rodelbahn, Marienk\u00e4ferbahn, Wasserbahnen ... und vieles mehr.<\/p>\n<h2>Indoor-Gokartbahn\u00a0<\/h2>\n<p>Der Kartfun Neuastenberg ist eine moderne Indoor-Kartbahn in Neuastenberg mit einer L\u00e4nge von 550m und Karts, die eine Geschwindigkeit von bis zu 60km\/h erreichen! Jeder, der gr\u00f6\u00dfer als 1,40 m ist, darf selbst einen fahren. F\u00fcr die kleinen G\u00e4ste gibt es spezielle \"Tandem-Karts\"! Es gibt auch andere Aktivit\u00e4ten wie Billard, Tischfu\u00dfball, Darts und es gibt einen Spielplatz. Die Kartbahn ist 2,5 km vom Waldhaus Winterberg entfernt.\u00a0<\/p>\n<p>\u00a0<\/p>\n<p>\u00a0<\/p>\n\n\t\t<\/div>\n\t\t\t<\/div>\n\n\t\n\n\t<div id=\"col-903120579\" class=\"col large-12\"  >\n\t\t<div class=\"col-inner\"  >\n\t\t\t\n\t\t\t\n\n<div class=\"social-icons share-icons share-row relative\" ><span class=\"share-icons-title\">Diese Seite teilen<\/span><a href=\"whatsapp:\/\/send?text=Activiteiten%20zomer - https:\/\/waldhauswinterberg.nl\/de\/activiteiten-zomer\/\" data-action=\"share\/whatsapp\/share\" class=\"icon button circle is-outline tooltip whatsapp show-for-medium\" title=\"Share on WhatsApp\"><i class=\"icon-whatsapp\"><\/i><\/a><a href=\"\/\/www.facebook.com\/sharer.php?u=https:\/\/waldhauswinterberg.nl\/de\/activiteiten-zomer\/\" data-label=\"Facebook\" onclick=\"window.open(this.href,this.title,'width=500,height=500,top=300px,left=300px');  return false;\" rel=\"noopener noreferrer nofollow\" target=\"_blank\" class=\"icon button circle is-outline tooltip facebook\" title=\"Auf Facebook teilen\"><i class=\"icon-facebook\" ><\/i><\/a><a href=\"\/\/twitter.com\/share?url=https:\/\/waldhauswinterberg.nl\/de\/activiteiten-zomer\/\" onclick=\"window.open(this.href,this.title,'width=500,height=500,top=300px,left=300px');  return false;\" rel=\"noopener noreferrer nofollow\" target=\"_blank\" class=\"icon button circle is-outline tooltip twitter\" title=\"Auf Twitter teilen\"><i class=\"icon-twitter\" ><\/i><\/a><a href=\"mailto:enteryour@addresshere.com?subject=Activiteiten%20zomer&amp;body=Check%20this%20out:%20https:\/\/waldhauswinterberg.nl\/de\/activiteiten-zomer\/\" rel=\"nofollow\" class=\"icon button circle is-outline tooltip email\" title=\"Sende eine Email an einen Freund\"><i class=\"icon-envelop\" ><\/i><\/a><a href=\"\/\/www.linkedin.com\/shareArticle?mini=true&url=https:\/\/waldhauswinterberg.nl\/de\/activiteiten-zomer\/&title=Activiteiten%20zomer\" onclick=\"window.open(this.href,this.title,'width=500,height=500,top=300px,left=300px');  return false;\"  rel=\"noopener noreferrer nofollow\" target=\"_blank\" class=\"icon button circle is-outline tooltip linkedin\" title=\"Share on LinkedIn\"><i class=\"icon-linkedin\" ><\/i><\/a><\/div>\n\n\n\t\t<\/div>\n\t\t\t<\/div>\n\n\t\n\n<\/div>","protected":false},"excerpt":{"rendered":"","protected":false},"author":1,"featured_media":0,"parent":0,"menu_order":0,"comment_status":"closed","ping_status":"closed","template":"page-blank.php","meta":[],"_links":{"self":[{"href":"https:\/\/waldhauswinterberg.nl\/de\/wp-json\/wp\/v2\/pages\/3480"}],"collection":[{"href":"https:\/\/waldhauswinterberg.nl\/de\/wp-json\/wp\/v2\/pages"}],"about":[{"href":"https:\/\/waldhauswinterberg.nl\/de\/wp-json\/wp\/v2\/types\/page"}],"author":[{"embeddable":true,"href":"https:\/\/waldhauswinterberg.nl\/de\/wp-json\/wp\/v2\/users\/1"}],"replies":[{"embeddable":true,"href":"https:\/\/waldhauswinterberg.nl\/de\/wp-json\/wp\/v2\/comments?post=3480"}],"version-history":[{"count":11,"href":"https:\/\/waldhauswinterberg.nl\/de\/wp-json\/wp\/v2\/pages\/3480\/revisions"}],"predecessor-version":[{"id":3817,"href":"https:\/\/waldhauswinterberg.nl\/de\/wp-json\/wp\/v2\/pages\/3480\/revisions\/3817"}],"wp:attachment":[{"href":"https:\/\/waldhauswinterberg.nl\/de\/wp-json\/wp\/v2\/media?parent=3480"}],"curies":[{"name":"wp","href":"https:\/\/api.w.org\/{rel}","templated":true}]}}